{"id":9518,"date":"2026-01-14T14:27:04","date_gmt":"2026-01-14T13:27:04","guid":{"rendered":"https:\/\/papageienschutz.de\/papageien\/?page_id=9518"},"modified":"2026-01-21T15:30:07","modified_gmt":"2026-01-21T14:30:07","slug":"chico","status":"publish","type":"page","link":"https:\/\/papageienschutz.de\/papageien\/afrikanische-papageien\/kongo-graupapageien\/chico\/","title":{"rendered":"Chico"},"content":{"rendered":"\n<figure class=\"wp-block-image size-large\"><img loading=\"lazy\" decoding=\"async\" width=\"1024\" height=\"576\" src=\"https:\/\/papageienschutz.de\/papageien\/wp-content\/uploads\/2026\/01\/IMG_0616-1024x576.jpg\" alt=\"\" class=\"wp-image-9519\" srcset=\"https:\/\/papageienschutz.de\/papageien\/wp-content\/uploads\/2026\/01\/IMG_0616-1024x576.jpg 1024w, https:\/\/papageienschutz.de\/papageien\/wp-content\/uploads\/2026\/01\/IMG_0616-300x169.jpg 300w, https:\/\/papageienschutz.de\/papageien\/wp-content\/uploads\/2026\/01\/IMG_0616-768x432.jpg 768w, https:\/\/papageienschutz.de\/papageien\/wp-content\/uploads\/2026\/01\/IMG_0616-1536x864.jpg 1536w, https:\/\/papageienschutz.de\/papageien\/wp-content\/uploads\/2026\/01\/IMG_0616-2048x1152.jpg 2048w, https:\/\/papageienschutz.de\/papageien\/wp-content\/uploads\/2026\/01\/IMG_0616-678x381.jpg 678w, https:\/\/papageienschutz.de\/papageien\/wp-content\/uploads\/2026\/01\/IMG_0616-1320x743.jpg 1320w\" sizes=\"auto, (max-width: 1024px) 100vw, 1024px\" \/><\/figure>\n\n\n\n<p><strong>Aufnahmedatum: <\/strong>01.09.2025<br><strong>Herkunft: <\/strong>unbekannt<br><strong>Geschlecht: <\/strong>weiblich<br><strong>Geburtsjahr: <\/strong>ca. 1985<\/p>\n\n\n\n<hr class=\"wp-block-separator has-css-opacity\"\/>\n\n\n\n<p><strong>Grund der Aufnahme:<\/strong><br>Ende August 2025 wurde der weibliche Graupapagei \u201aChico\u2018 in das Fluggehege aufgenommen. \u201aChico\u2018 soll angeblich ein Wildfang sein. Bei den Voreigent\u00fcmern lebte \u201aChico\u2018 seit 30 Jahren, davon nur einige Jahre mit einem Timneh-Graupapagei zusammen. In der Wohnung der Voreigent\u00fcmer konnte sich \u201aChico\u2018 frei bewegen. Chico ist eingeschr\u00e4nkt flugf\u00e4hig, zudem wurde in der tiermedizinischen Eingangsuntersuchung beginnende Arthrose und eine Beeintr\u00e4chtigung der Funktion der Leber festgestellt aufgrund fehlerhaften Ern\u00e4hrung.<\/p>\n\n\n\n<p><\/p>\n\n\n\n<p><\/p>\n","protected":false},"excerpt":{"rendered":"<div class=\"mh-excerpt\"><p>Aufnahmedatum: 01.09.2025Herkunft: unbekanntGeschlecht: weiblichGeburtsjahr: ca. 1985 Grund der Aufnahme:Ende August 2025 wurde der weibliche Graupapagei \u201aChico\u2018 in das Fluggehege aufgenommen. \u201aChico\u2018 soll angeblich ein Wildfang sein. Bei den Voreigent\u00fcmern lebte \u201aChico\u2018 seit 30 Jahren, davon <a class=\"mh-excerpt-more\" href=\"https:\/\/papageienschutz.de\/papageien\/afrikanische-papageien\/kongo-graupapageien\/chico\/\" title=\"Chico\">[&#8230;]<\/a><\/p>\n<\/div>","protected":false},"author":3,"featured_media":9519,"parent":8387,"menu_order":0,"comment_status":"closed","ping_status":"closed","template":"","meta":{"footnotes":""},"class_list":["post-9518","page","type-page","status-publish","has-post-thumbnail"],"_links":{"self":[{"href":"https:\/\/papageienschutz.de\/papageien\/wp-json\/wp\/v2\/pages\/9518","targetHints":{"allow":["GET"]}}],"collection":[{"href":"https:\/\/papageienschutz.de\/papageien\/wp-json\/wp\/v2\/pages"}],"about":[{"href":"https:\/\/papageienschutz.de\/papageien\/wp-json\/wp\/v2\/types\/page"}],"author":[{"embeddable":true,"href":"https:\/\/papageienschutz.de\/papageien\/wp-json\/wp\/v2\/users\/3"}],"replies":[{"embeddable":true,"href":"https:\/\/papageienschutz.de\/papageien\/wp-json\/wp\/v2\/comments?post=9518"}],"version-history":[{"count":1,"href":"https:\/\/papageienschutz.de\/papageien\/wp-json\/wp\/v2\/pages\/9518\/revisions"}],"predecessor-version":[{"id":9520,"href":"https:\/\/papageienschutz.de\/papageien\/wp-json\/wp\/v2\/pages\/9518\/revisions\/9520"}],"up":[{"embeddable":true,"href":"https:\/\/papageienschutz.de\/papageien\/wp-json\/wp\/v2\/pages\/8387"}],"wp:featuredmedia":[{"embeddable":true,"href":"https:\/\/papageienschutz.de\/papageien\/wp-json\/wp\/v2\/media\/9519"}],"wp:attachment":[{"href":"https:\/\/papageienschutz.de\/papageien\/wp-json\/wp\/v2\/media?parent=9518"}],"curies":[{"name":"wp","href":"https:\/\/api.w.org\/{rel}","templated":true}]}}