{"id":9408,"date":"2025-04-18T23:01:36","date_gmt":"2025-04-18T21:01:36","guid":{"rendered":"https:\/\/papageienschutz.de\/papageien\/?page_id=9408"},"modified":"2025-04-27T13:54:06","modified_gmt":"2025-04-27T11:54:06","slug":"baku","status":"publish","type":"page","link":"https:\/\/papageienschutz.de\/papageien\/afrikanische-papageien\/kongo-graupapageien\/baku\/","title":{"rendered":"Baku"},"content":{"rendered":"\n<figure class=\"wp-block-image size-large\"><img loading=\"lazy\" decoding=\"async\" width=\"1024\" height=\"734\" src=\"https:\/\/papageienschutz.de\/papageien\/wp-content\/uploads\/2025\/04\/140.24-Baku-1-1024x734.jpg\" alt=\"\" class=\"wp-image-9411\" srcset=\"https:\/\/papageienschutz.de\/papageien\/wp-content\/uploads\/2025\/04\/140.24-Baku-1-1024x734.jpg 1024w, https:\/\/papageienschutz.de\/papageien\/wp-content\/uploads\/2025\/04\/140.24-Baku-1-300x215.jpg 300w, https:\/\/papageienschutz.de\/papageien\/wp-content\/uploads\/2025\/04\/140.24-Baku-1-768x550.jpg 768w, https:\/\/papageienschutz.de\/papageien\/wp-content\/uploads\/2025\/04\/140.24-Baku-1-1536x1100.jpg 1536w, https:\/\/papageienschutz.de\/papageien\/wp-content\/uploads\/2025\/04\/140.24-Baku-1-2048x1467.jpg 2048w, https:\/\/papageienschutz.de\/papageien\/wp-content\/uploads\/2025\/04\/140.24-Baku-1-1320x946.jpg 1320w\" sizes=\"auto, (max-width: 1024px) 100vw, 1024px\" \/><\/figure>\n\n\n\n<p><strong>Aufnahmedatum: <\/strong>06.11.2024<br><strong>Herkunft: <\/strong>unbekannt<br><strong>Geschlecht: <\/strong>m\u00e4nnlich<br><strong>Geburtsjahr: <\/strong>unbekannt<\/p>\n\n\n\n<hr class=\"wp-block-separator has-css-opacity\"\/>\n\n\n\n<p><strong>Grund der Aufnahme:<\/strong><br> \u201aBaku\u2018 wurde &#8211; gemeinsam mit dem Graupapagei \u201aCoco N\u2018 &#8211; als Notfall in das Fluggehege des Papageienschutz-Centrum Bremen e. V. aufgenommen. \u201aCoco N\u2018 und \u201aBaku\u2018 waren von einem nieders\u00e4chsischen Veterin\u00e4ramt beschlagnahmt worden, weil der Eigent\u00fcmer die beiden Graupapageien, bei dem sie seit 16 Jahren lebten, in einer Weise gehalten hatte, die es ihnen nicht erm\u00f6glichte, ausreichend ihren arteigenen Bed\u00fcrfnissen und Verhaltensweisen gem\u00e4\u00df zu leben.<\/p>\n\n\n\n<p><\/p>\n","protected":false},"excerpt":{"rendered":"<div class=\"mh-excerpt\"><p>Aufnahmedatum: 06.11.2024Herkunft: unbekanntGeschlecht: m\u00e4nnlichGeburtsjahr: unbekannt Grund der Aufnahme: \u201aBaku\u2018 wurde &#8211; gemeinsam mit dem Graupapagei \u201aCoco N\u2018 &#8211; als Notfall in das Fluggehege des Papageienschutz-Centrum Bremen e. V. aufgenommen. \u201aCoco N\u2018 und \u201aBaku\u2018 waren von <a class=\"mh-excerpt-more\" href=\"https:\/\/papageienschutz.de\/papageien\/afrikanische-papageien\/kongo-graupapageien\/baku\/\" title=\"Baku\">[&#8230;]<\/a><\/p>\n<\/div>","protected":false},"author":1,"featured_media":9411,"parent":8387,"menu_order":0,"comment_status":"closed","ping_status":"closed","template":"","meta":{"footnotes":""},"class_list":["post-9408","page","type-page","status-publish","has-post-thumbnail"],"_links":{"self":[{"href":"https:\/\/papageienschutz.de\/papageien\/wp-json\/wp\/v2\/pages\/9408","targetHints":{"allow":["GET"]}}],"collection":[{"href":"https:\/\/papageienschutz.de\/papageien\/wp-json\/wp\/v2\/pages"}],"about":[{"href":"https:\/\/papageienschutz.de\/papageien\/wp-json\/wp\/v2\/types\/page"}],"author":[{"embeddable":true,"href":"https:\/\/papageienschutz.de\/papageien\/wp-json\/wp\/v2\/users\/1"}],"replies":[{"embeddable":true,"href":"https:\/\/papageienschutz.de\/papageien\/wp-json\/wp\/v2\/comments?post=9408"}],"version-history":[{"count":4,"href":"https:\/\/papageienschutz.de\/papageien\/wp-json\/wp\/v2\/pages\/9408\/revisions"}],"predecessor-version":[{"id":9430,"href":"https:\/\/papageienschutz.de\/papageien\/wp-json\/wp\/v2\/pages\/9408\/revisions\/9430"}],"up":[{"embeddable":true,"href":"https:\/\/papageienschutz.de\/papageien\/wp-json\/wp\/v2\/pages\/8387"}],"wp:featuredmedia":[{"embeddable":true,"href":"https:\/\/papageienschutz.de\/papageien\/wp-json\/wp\/v2\/media\/9411"}],"wp:attachment":[{"href":"https:\/\/papageienschutz.de\/papageien\/wp-json\/wp\/v2\/media?parent=9408"}],"curies":[{"name":"wp","href":"https:\/\/api.w.org\/{rel}","templated":true}]}}