{"id":9264,"date":"2024-09-25T13:43:02","date_gmt":"2024-09-25T11:43:02","guid":{"rendered":"https:\/\/papageienschutz.de\/papageien\/?page_id=9264"},"modified":"2024-09-28T15:05:57","modified_gmt":"2024-09-28T13:05:57","slug":"coco-o","status":"publish","type":"page","link":"https:\/\/papageienschutz.de\/papageien\/afrikanische-papageien\/kongo-graupapageien\/coco-o\/","title":{"rendered":"Coco O"},"content":{"rendered":"\n<figure class=\"wp-block-image size-large\"><img loading=\"lazy\" decoding=\"async\" width=\"1024\" height=\"576\" src=\"https:\/\/papageienschutz.de\/papageien\/wp-content\/uploads\/2024\/09\/IMG_0095-1024x576.jpg\" alt=\"\" class=\"wp-image-9259\" srcset=\"https:\/\/papageienschutz.de\/papageien\/wp-content\/uploads\/2024\/09\/IMG_0095-1024x576.jpg 1024w, https:\/\/papageienschutz.de\/papageien\/wp-content\/uploads\/2024\/09\/IMG_0095-300x169.jpg 300w, https:\/\/papageienschutz.de\/papageien\/wp-content\/uploads\/2024\/09\/IMG_0095-768x432.jpg 768w, https:\/\/papageienschutz.de\/papageien\/wp-content\/uploads\/2024\/09\/IMG_0095-1536x864.jpg 1536w, https:\/\/papageienschutz.de\/papageien\/wp-content\/uploads\/2024\/09\/IMG_0095-2048x1152.jpg 2048w, https:\/\/papageienschutz.de\/papageien\/wp-content\/uploads\/2024\/09\/IMG_0095-678x381.jpg 678w, https:\/\/papageienschutz.de\/papageien\/wp-content\/uploads\/2024\/09\/IMG_0095-1320x743.jpg 1320w\" sizes=\"auto, (max-width: 1024px) 100vw, 1024px\" \/><\/figure>\n\n\n\n<p><strong>Aufnahmedatum: <\/strong>18.09.2024<br><strong>Herkunft: <\/strong>Wildfang (Kamerun) 1991<br><strong>Geschlecht: <\/strong>weiblich<br><strong>Geburtsjahr: <\/strong>unbekannt<\/p>\n\n\n\n<hr class=\"wp-block-separator has-css-opacity\"\/>\n\n\n\n<p><strong>Grund der Aufnahme:<\/strong><br>&#8218;Coco O&#8216; wurde vor 30 Jahren bei einer Tombola gewonnen und lebte seitdem in Einzelhaltung in einem kleinen K\u00e4fig bis vor ca. 3 Jahren die Tochter der Eigent\u00fcmer den Graupapagei \u00fcbernahm, um ihm ein besseres Leben zu erm\u00f6glichen. Sie befreite &#8218;Coco O&#8216; aus der K\u00e4fighaltung und sorgte sich mit gro\u00dfem Engagement um das Wohlbefinden des Graupapageis. &#8218;Coco O&#8216; rupft sich und ist nicht in der Lage zu fliegen.<\/p>\n\n\n\n<p><\/p>\n\n\n\n<p><\/p>\n","protected":false},"excerpt":{"rendered":"<div class=\"mh-excerpt\"><p>Aufnahmedatum: 18.09.2024Herkunft: Wildfang (Kamerun) 1991Geschlecht: weiblichGeburtsjahr: unbekannt Grund der Aufnahme:&#8218;Coco O&#8216; wurde vor 30 Jahren bei einer Tombola gewonnen und lebte seitdem in Einzelhaltung in einem kleinen K\u00e4fig bis vor ca. 3 Jahren die Tochter <a class=\"mh-excerpt-more\" href=\"https:\/\/papageienschutz.de\/papageien\/afrikanische-papageien\/kongo-graupapageien\/coco-o\/\" title=\"Coco O\">[&#8230;]<\/a><\/p>\n<\/div>","protected":false},"author":3,"featured_media":9259,"parent":8387,"menu_order":0,"comment_status":"closed","ping_status":"closed","template":"","meta":{"footnotes":""},"class_list":["post-9264","page","type-page","status-publish","has-post-thumbnail"],"_links":{"self":[{"href":"https:\/\/papageienschutz.de\/papageien\/wp-json\/wp\/v2\/pages\/9264","targetHints":{"allow":["GET"]}}],"collection":[{"href":"https:\/\/papageienschutz.de\/papageien\/wp-json\/wp\/v2\/pages"}],"about":[{"href":"https:\/\/papageienschutz.de\/papageien\/wp-json\/wp\/v2\/types\/page"}],"author":[{"embeddable":true,"href":"https:\/\/papageienschutz.de\/papageien\/wp-json\/wp\/v2\/users\/3"}],"replies":[{"embeddable":true,"href":"https:\/\/papageienschutz.de\/papageien\/wp-json\/wp\/v2\/comments?post=9264"}],"version-history":[{"count":9,"href":"https:\/\/papageienschutz.de\/papageien\/wp-json\/wp\/v2\/pages\/9264\/revisions"}],"predecessor-version":[{"id":9306,"href":"https:\/\/papageienschutz.de\/papageien\/wp-json\/wp\/v2\/pages\/9264\/revisions\/9306"}],"up":[{"embeddable":true,"href":"https:\/\/papageienschutz.de\/papageien\/wp-json\/wp\/v2\/pages\/8387"}],"wp:featuredmedia":[{"embeddable":true,"href":"https:\/\/papageienschutz.de\/papageien\/wp-json\/wp\/v2\/media\/9259"}],"wp:attachment":[{"href":"https:\/\/papageienschutz.de\/papageien\/wp-json\/wp\/v2\/media?parent=9264"}],"curies":[{"name":"wp","href":"https:\/\/api.w.org\/{rel}","templated":true}]}}