{"id":8660,"date":"2021-10-13T12:49:10","date_gmt":"2021-10-13T10:49:10","guid":{"rendered":"https:\/\/papageienschutz.de\/papageien\/?page_id=8660"},"modified":"2022-02-06T17:31:07","modified_gmt":"2022-02-06T16:31:07","slug":"miria","status":"publish","type":"page","link":"https:\/\/papageienschutz.de\/papageien\/amerikanische-papageien\/venezuelaamazonen\/miria\/","title":{"rendered":"Miria"},"content":{"rendered":"\n<figure class=\"wp-block-image size-full\"><img loading=\"lazy\" decoding=\"async\" width=\"916\" height=\"630\" src=\"https:\/\/papageienschutz.de\/papageien\/wp-content\/uploads\/2021\/10\/Miria-web-1.jpg\" alt=\"\" class=\"wp-image-8659\" srcset=\"https:\/\/papageienschutz.de\/papageien\/wp-content\/uploads\/2021\/10\/Miria-web-1.jpg 916w, https:\/\/papageienschutz.de\/papageien\/wp-content\/uploads\/2021\/10\/Miria-web-1-300x206.jpg 300w, https:\/\/papageienschutz.de\/papageien\/wp-content\/uploads\/2021\/10\/Miria-web-1-768x528.jpg 768w\" sizes=\"auto, (max-width: 916px) 100vw, 916px\" \/><\/figure>\n\n\n\n<p><strong>Aufnahmedatum:<\/strong> 15.08.2021<br><strong>Herkunft: <\/strong>unbekannt<br><strong>Geschlecht: <\/strong>weiblich<br><strong>Geburtsjahr: <\/strong>unbekannt<\/p>\n\n\n\n<hr class=\"wp-block-separator\"\/>\n\n\n\n<p><strong>Grund der Aufnahme:<\/strong><br>&#8218;Miria&#8216; wurde &#8211; gemeinsam mit der Venezuela-Amazone &#8218;Butzi&#8216; &#8211; in das Fluggehege aufgenommen, weil die langj\u00e4hrige Eigent\u00fcmerin von &#8218;Miria&#8216; und &#8218;Butzi&#8216; die Versorgung der beiden Papageien aus gesundheitlichen Gr\u00fcnden nicht mehr bew\u00e4ltigen konnte.<\/p>\n","protected":false},"excerpt":{"rendered":"<div class=\"mh-excerpt\"><p>Aufnahmedatum: 15.08.2021Herkunft: unbekanntGeschlecht: weiblichGeburtsjahr: unbekannt Grund der Aufnahme:&#8218;Miria&#8216; wurde &#8211; gemeinsam mit der Venezuela-Amazone &#8218;Butzi&#8216; &#8211; in das Fluggehege aufgenommen, weil die langj\u00e4hrige Eigent\u00fcmerin von &#8218;Miria&#8216; und &#8218;Butzi&#8216; die Versorgung der beiden Papageien aus gesundheitlichen <a class=\"mh-excerpt-more\" href=\"https:\/\/papageienschutz.de\/papageien\/amerikanische-papageien\/venezuelaamazonen\/miria\/\" title=\"Miria\">[&#8230;]<\/a><\/p>\n<\/div>","protected":false},"author":1,"featured_media":0,"parent":38,"menu_order":0,"comment_status":"closed","ping_status":"closed","template":"","meta":{"footnotes":""},"class_list":["post-8660","page","type-page","status-publish"],"_links":{"self":[{"href":"https:\/\/papageienschutz.de\/papageien\/wp-json\/wp\/v2\/pages\/8660","targetHints":{"allow":["GET"]}}],"collection":[{"href":"https:\/\/papageienschutz.de\/papageien\/wp-json\/wp\/v2\/pages"}],"about":[{"href":"https:\/\/papageienschutz.de\/papageien\/wp-json\/wp\/v2\/types\/page"}],"author":[{"embeddable":true,"href":"https:\/\/papageienschutz.de\/papageien\/wp-json\/wp\/v2\/users\/1"}],"replies":[{"embeddable":true,"href":"https:\/\/papageienschutz.de\/papageien\/wp-json\/wp\/v2\/comments?post=8660"}],"version-history":[{"count":6,"href":"https:\/\/papageienschutz.de\/papageien\/wp-json\/wp\/v2\/pages\/8660\/revisions"}],"predecessor-version":[{"id":8671,"href":"https:\/\/papageienschutz.de\/papageien\/wp-json\/wp\/v2\/pages\/8660\/revisions\/8671"}],"up":[{"embeddable":true,"href":"https:\/\/papageienschutz.de\/papageien\/wp-json\/wp\/v2\/pages\/38"}],"wp:attachment":[{"href":"https:\/\/papageienschutz.de\/papageien\/wp-json\/wp\/v2\/media?parent=8660"}],"curies":[{"name":"wp","href":"https:\/\/api.w.org\/{rel}","templated":true}]}}