{"id":8500,"date":"2020-09-06T21:05:08","date_gmt":"2020-09-06T19:05:08","guid":{"rendered":"https:\/\/papageienschutz.de\/papageien\/?page_id=8500"},"modified":"2024-10-13T22:56:14","modified_gmt":"2024-10-13T20:56:14","slug":"coco-j","status":"publish","type":"page","link":"https:\/\/papageienschutz.de\/papageien\/afrikanische-papageien\/kongo-graupapageien\/coco-j\/","title":{"rendered":"Coco J"},"content":{"rendered":"\n<figure class=\"wp-block-image size-large\"><img loading=\"lazy\" decoding=\"async\" width=\"1024\" height=\"577\" src=\"https:\/\/papageienschutz.de\/papageien\/wp-content\/uploads\/2020\/10\/web-site-1024x577.jpg\" alt=\"\" class=\"wp-image-8499\" srcset=\"https:\/\/papageienschutz.de\/papageien\/wp-content\/uploads\/2020\/10\/web-site-1024x577.jpg 1024w, https:\/\/papageienschutz.de\/papageien\/wp-content\/uploads\/2020\/10\/web-site-300x169.jpg 300w, https:\/\/papageienschutz.de\/papageien\/wp-content\/uploads\/2020\/10\/web-site-768x433.jpg 768w, https:\/\/papageienschutz.de\/papageien\/wp-content\/uploads\/2020\/10\/web-site-678x381.jpg 678w, https:\/\/papageienschutz.de\/papageien\/wp-content\/uploads\/2020\/10\/web-site.jpg 1279w\" sizes=\"auto, (max-width: 1024px) 100vw, 1024px\" \/><\/figure>\n\n\n\n<p><strong>Aufnahmedatum: <\/strong>05.09.2020<br><strong>Herkunft: <\/strong>Nachzucht <br><strong>Geschlecht: <\/strong>m\u00e4nnlich<br><strong>Geburtsjahr: <\/strong>1993<\/p>\n\n\n\n<hr class=\"wp-block-separator has-css-opacity\"\/>\n\n\n\n<p><strong>Grund der Aufnahme:<\/strong><br><\/p>\n\n\n\n<p>Anfang September wurde der m\u00e4nnliche Graupapagei \u201aCoco J\u2018, 27 Jahre alt, in das Fluggehege aufgenommen. \u201aCoco J\u2018 ist das \u00dcberbleibsel einer Papageienzucht. Der Papageienz\u00fcchter war kurz zuvor verstorben. Aufgrund einer Anfrage des zust\u00e4ndigen Veterin\u00e4ramtes, das in den Fall einbezogen worden war und nach einer Unterbringung f\u00fcr den Graupapagei suchte, entschieden wir, \u201aCoco J\u2018 aufzunehmen. Da \u201aCoco J\u2018 sich angeblich mit den anderen Papageien des Z\u00fcchters nicht vertragen hatte, war er jahrelang in Einzelhaltung in einer Zimmervoliere in einem Flur abgestellt worden. <br>.<\/p>\n","protected":false},"excerpt":{"rendered":"<div class=\"mh-excerpt\"><p>Aufnahmedatum: 05.09.2020Herkunft: Nachzucht Geschlecht: m\u00e4nnlichGeburtsjahr: 1993 Grund der Aufnahme: Anfang September wurde der m\u00e4nnliche Graupapagei \u201aCoco J\u2018, 27 Jahre alt, in das Fluggehege aufgenommen. \u201aCoco J\u2018 ist das \u00dcberbleibsel einer Papageienzucht. Der Papageienz\u00fcchter war kurz <a class=\"mh-excerpt-more\" href=\"https:\/\/papageienschutz.de\/papageien\/afrikanische-papageien\/kongo-graupapageien\/coco-j\/\" title=\"Coco J\">[&#8230;]<\/a><\/p>\n<\/div>","protected":false},"author":1,"featured_media":8499,"parent":8387,"menu_order":1,"comment_status":"closed","ping_status":"closed","template":"","meta":{"footnotes":""},"class_list":["post-8500","page","type-page","status-publish","has-post-thumbnail"],"_links":{"self":[{"href":"https:\/\/papageienschutz.de\/papageien\/wp-json\/wp\/v2\/pages\/8500","targetHints":{"allow":["GET"]}}],"collection":[{"href":"https:\/\/papageienschutz.de\/papageien\/wp-json\/wp\/v2\/pages"}],"about":[{"href":"https:\/\/papageienschutz.de\/papageien\/wp-json\/wp\/v2\/types\/page"}],"author":[{"embeddable":true,"href":"https:\/\/papageienschutz.de\/papageien\/wp-json\/wp\/v2\/users\/1"}],"replies":[{"embeddable":true,"href":"https:\/\/papageienschutz.de\/papageien\/wp-json\/wp\/v2\/comments?post=8500"}],"version-history":[{"count":3,"href":"https:\/\/papageienschutz.de\/papageien\/wp-json\/wp\/v2\/pages\/8500\/revisions"}],"predecessor-version":[{"id":9307,"href":"https:\/\/papageienschutz.de\/papageien\/wp-json\/wp\/v2\/pages\/8500\/revisions\/9307"}],"up":[{"embeddable":true,"href":"https:\/\/papageienschutz.de\/papageien\/wp-json\/wp\/v2\/pages\/8387"}],"wp:featuredmedia":[{"embeddable":true,"href":"https:\/\/papageienschutz.de\/papageien\/wp-json\/wp\/v2\/media\/8499"}],"wp:attachment":[{"href":"https:\/\/papageienschutz.de\/papageien\/wp-json\/wp\/v2\/media?parent=8500"}],"curies":[{"name":"wp","href":"https:\/\/api.w.org\/{rel}","templated":true}]}}