{"id":8232,"date":"2020-06-17T22:52:13","date_gmt":"2020-06-17T20:52:13","guid":{"rendered":"https:\/\/papageienschutz.de\/papageien\/?page_id=8232"},"modified":"2020-09-01T22:36:29","modified_gmt":"2020-09-01T20:36:29","slug":"jaco","status":"publish","type":"page","link":"https:\/\/papageienschutz.de\/papageien\/afrikanische-papageien\/kongo-graupapageien\/jaco\/","title":{"rendered":"Jaco"},"content":{"rendered":"\n<figure class=\"wp-block-image size-large\"><img loading=\"lazy\" decoding=\"async\" width=\"1024\" height=\"668\" src=\"https:\/\/papageienschutz.de\/papageien\/wp-content\/uploads\/2020\/06\/Jaco-01-web-1024x668.jpg\" alt=\"\" class=\"wp-image-8257\" srcset=\"https:\/\/papageienschutz.de\/papageien\/wp-content\/uploads\/2020\/06\/Jaco-01-web-1024x668.jpg 1024w, https:\/\/papageienschutz.de\/papageien\/wp-content\/uploads\/2020\/06\/Jaco-01-web-300x196.jpg 300w, https:\/\/papageienschutz.de\/papageien\/wp-content\/uploads\/2020\/06\/Jaco-01-web-768x501.jpg 768w, https:\/\/papageienschutz.de\/papageien\/wp-content\/uploads\/2020\/06\/Jaco-01-web.jpg 1103w\" sizes=\"auto, (max-width: 1024px) 100vw, 1024px\" \/><\/figure>\n\n\n\n<p><strong>Aufnahmedatum: <\/strong>15.05.2020<br><strong>Herkunft: <\/strong>Wildfang<br><strong>Geschlecht: <\/strong>m\u00e4nnlich<br><strong>Geburtsjahr: <\/strong>unbekannt<\/p>\n\n\n\n<hr class=\"wp-block-separator\"\/>\n\n\n\n<p><strong>Grund der Aufnahme:<\/strong><br>Jaco wurde 2001 als junger Wildfang von einem Papageienh\u00e4ndler nach Deutschland importiert und im gleichen Jahr von einem Ehepaar gekauft. Bei dem Ehepaar lebte Jaco ca. 18 Jahre, bis jemand Ende 2019 das zust\u00e4ndige Veterin\u00e4ramt \u00fcber die Einzelhaltung informiert. Das Ehepaar sah sich aus Altersgr\u00fcnden nicht in der Lage, eine Graupapagei-Partnerin f\u00fcr Jaco aufzunehmen. Es war bereit, Jaco abzugeben, auch um Jacos Beschlagnahmung durch das Veterin\u00e4ramt zuvorzukommen. Auf Anfrage des Veterin\u00e4ramtes war das Papageienschutz-Centrum Bremen e. V. bereit, Jaco als Notfall in das Fluggehege aufzunehmen.<\/p>\n","protected":false},"excerpt":{"rendered":"<div class=\"mh-excerpt\"><p>Aufnahmedatum: 15.05.2020Herkunft: WildfangGeschlecht: m\u00e4nnlichGeburtsjahr: unbekannt Grund der Aufnahme:Jaco wurde 2001 als junger Wildfang von einem Papageienh\u00e4ndler nach Deutschland importiert und im gleichen Jahr von einem Ehepaar gekauft. Bei dem Ehepaar lebte Jaco ca. 18 Jahre, <a class=\"mh-excerpt-more\" href=\"https:\/\/papageienschutz.de\/papageien\/afrikanische-papageien\/kongo-graupapageien\/jaco\/\" title=\"Jaco\">[&#8230;]<\/a><\/p>\n<\/div>","protected":false},"author":1,"featured_media":8257,"parent":8387,"menu_order":1,"comment_status":"closed","ping_status":"closed","template":"","meta":{"footnotes":""},"class_list":["post-8232","page","type-page","status-publish","has-post-thumbnail"],"_links":{"self":[{"href":"https:\/\/papageienschutz.de\/papageien\/wp-json\/wp\/v2\/pages\/8232","targetHints":{"allow":["GET"]}}],"collection":[{"href":"https:\/\/papageienschutz.de\/papageien\/wp-json\/wp\/v2\/pages"}],"about":[{"href":"https:\/\/papageienschutz.de\/papageien\/wp-json\/wp\/v2\/types\/page"}],"author":[{"embeddable":true,"href":"https:\/\/papageienschutz.de\/papageien\/wp-json\/wp\/v2\/users\/1"}],"replies":[{"embeddable":true,"href":"https:\/\/papageienschutz.de\/papageien\/wp-json\/wp\/v2\/comments?post=8232"}],"version-history":[{"count":13,"href":"https:\/\/papageienschutz.de\/papageien\/wp-json\/wp\/v2\/pages\/8232\/revisions"}],"predecessor-version":[{"id":8266,"href":"https:\/\/papageienschutz.de\/papageien\/wp-json\/wp\/v2\/pages\/8232\/revisions\/8266"}],"up":[{"embeddable":true,"href":"https:\/\/papageienschutz.de\/papageien\/wp-json\/wp\/v2\/pages\/8387"}],"wp:featuredmedia":[{"embeddable":true,"href":"https:\/\/papageienschutz.de\/papageien\/wp-json\/wp\/v2\/media\/8257"}],"wp:attachment":[{"href":"https:\/\/papageienschutz.de\/papageien\/wp-json\/wp\/v2\/media?parent=8232"}],"curies":[{"name":"wp","href":"https:\/\/api.w.org\/{rel}","templated":true}]}}