{"id":7942,"date":"2019-11-04T17:19:12","date_gmt":"2019-11-04T16:19:12","guid":{"rendered":"https:\/\/papageienschutz.de\/papageien\/?page_id=7942"},"modified":"2019-11-04T18:32:13","modified_gmt":"2019-11-04T17:32:13","slug":"puenktchen","status":"publish","type":"page","link":"https:\/\/papageienschutz.de\/papageien\/amerikanische-papageien\/gelbwangenamzonen\/puenktchen\/","title":{"rendered":"P\u00fcnktchen"},"content":{"rendered":"\n<figure class=\"wp-block-image\"><img loading=\"lazy\" decoding=\"async\" width=\"1024\" height=\"576\" src=\"https:\/\/papageienschutz.de\/papageien\/wp-content\/uploads\/2019\/11\/P\u00fcnktchen-1024x576.jpg\" alt=\"\" class=\"wp-image-7943\" srcset=\"https:\/\/papageienschutz.de\/papageien\/wp-content\/uploads\/2019\/11\/P\u00fcnktchen-1024x576.jpg 1024w, https:\/\/papageienschutz.de\/papageien\/wp-content\/uploads\/2019\/11\/P\u00fcnktchen-300x169.jpg 300w, https:\/\/papageienschutz.de\/papageien\/wp-content\/uploads\/2019\/11\/P\u00fcnktchen-768x432.jpg 768w, https:\/\/papageienschutz.de\/papageien\/wp-content\/uploads\/2019\/11\/P\u00fcnktchen-678x381.jpg 678w, https:\/\/papageienschutz.de\/papageien\/wp-content\/uploads\/2019\/11\/P\u00fcnktchen.jpg 1280w\" sizes=\"auto, (max-width: 1024px) 100vw, 1024px\" \/><\/figure>\n\n\n\n<p><strong>Aufnahmedatum:<\/strong> 12.08.2019<br><strong>Herkunft: <\/strong>Nachzucht<br><strong>Geschlecht: <\/strong>weiblich<br><strong>Geburtsjahr: <\/strong>unbekannt<\/p>\n\n\n\n<hr class=\"wp-block-separator\"\/>\n\n\n\n<p><strong>Grund der Aufnahme:<\/strong><br>P\u00fcnktchen wurde &#8211; gemeinsam mit ihrem Partner \u201aStina\u2018 &#8211; aus einer  kleinen Papageien-Auffangstation, die geschlossen werden musste, in das  Fluggehege \u00fcbernommen. Obwohl alle beh\u00f6rdlichen Genehmigungen und das  Einverst\u00e4ndnis der Nachbarn f\u00fcr den Betrieb der Auffangstation vorlagen,  musste sie schon kurz nach der Inbetriebnahme wieder geschlossen  werden, weil die Nachbarn ihr Einverst\u00e4ndnis zur\u00fcckzogen. <\/p>\n","protected":false},"excerpt":{"rendered":"<div class=\"mh-excerpt\"><p>Aufnahmedatum: 12.08.2019Herkunft: NachzuchtGeschlecht: weiblichGeburtsjahr: unbekannt Grund der Aufnahme:P\u00fcnktchen wurde &#8211; gemeinsam mit ihrem Partner \u201aStina\u2018 &#8211; aus einer kleinen Papageien-Auffangstation, die geschlossen werden musste, in das Fluggehege \u00fcbernommen. Obwohl alle beh\u00f6rdlichen Genehmigungen und das Einverst\u00e4ndnis <a class=\"mh-excerpt-more\" href=\"https:\/\/papageienschutz.de\/papageien\/amerikanische-papageien\/gelbwangenamzonen\/puenktchen\/\" title=\"P\u00fcnktchen\">[&#8230;]<\/a><\/p>\n<\/div>","protected":false},"author":3,"featured_media":0,"parent":34,"menu_order":0,"comment_status":"closed","ping_status":"closed","template":"","meta":{"footnotes":""},"class_list":["post-7942","page","type-page","status-publish"],"_links":{"self":[{"href":"https:\/\/papageienschutz.de\/papageien\/wp-json\/wp\/v2\/pages\/7942","targetHints":{"allow":["GET"]}}],"collection":[{"href":"https:\/\/papageienschutz.de\/papageien\/wp-json\/wp\/v2\/pages"}],"about":[{"href":"https:\/\/papageienschutz.de\/papageien\/wp-json\/wp\/v2\/types\/page"}],"author":[{"embeddable":true,"href":"https:\/\/papageienschutz.de\/papageien\/wp-json\/wp\/v2\/users\/3"}],"replies":[{"embeddable":true,"href":"https:\/\/papageienschutz.de\/papageien\/wp-json\/wp\/v2\/comments?post=7942"}],"version-history":[{"count":2,"href":"https:\/\/papageienschutz.de\/papageien\/wp-json\/wp\/v2\/pages\/7942\/revisions"}],"predecessor-version":[{"id":7952,"href":"https:\/\/papageienschutz.de\/papageien\/wp-json\/wp\/v2\/pages\/7942\/revisions\/7952"}],"up":[{"embeddable":true,"href":"https:\/\/papageienschutz.de\/papageien\/wp-json\/wp\/v2\/pages\/34"}],"wp:attachment":[{"href":"https:\/\/papageienschutz.de\/papageien\/wp-json\/wp\/v2\/media?parent=7942"}],"curies":[{"name":"wp","href":"https:\/\/api.w.org\/{rel}","templated":true}]}}