{"id":7936,"date":"2019-11-04T16:50:40","date_gmt":"2019-11-04T15:50:40","guid":{"rendered":"https:\/\/papageienschutz.de\/papageien\/?page_id=7936"},"modified":"2019-11-04T18:31:04","modified_gmt":"2019-11-04T17:31:04","slug":"stina","status":"publish","type":"page","link":"https:\/\/papageienschutz.de\/papageien\/amerikanische-papageien\/gelbwangenamzonen\/stina\/","title":{"rendered":"Stina"},"content":{"rendered":"\n<figure class=\"wp-block-image\"><img loading=\"lazy\" decoding=\"async\" width=\"1024\" height=\"671\" src=\"https:\/\/papageienschutz.de\/papageien\/wp-content\/uploads\/2019\/11\/Stina-zs-1024x671.jpg\" alt=\"\" class=\"wp-image-7940\" srcset=\"https:\/\/papageienschutz.de\/papageien\/wp-content\/uploads\/2019\/11\/Stina-zs-1024x671.jpg 1024w, https:\/\/papageienschutz.de\/papageien\/wp-content\/uploads\/2019\/11\/Stina-zs-300x197.jpg 300w, https:\/\/papageienschutz.de\/papageien\/wp-content\/uploads\/2019\/11\/Stina-zs-768x504.jpg 768w, https:\/\/papageienschutz.de\/papageien\/wp-content\/uploads\/2019\/11\/Stina-zs.jpg 1098w\" sizes=\"auto, (max-width: 1024px) 100vw, 1024px\" \/><\/figure>\n\n\n\n<p><strong>Aufnahmedatum:<\/strong> 12.08.2019<br><strong>Herkunft: <\/strong>Wildfang (Nicaragua 1995)<br><strong>Geschlecht: <\/strong>m\u00e4nnlich<br><strong>Geburtsjahr: <\/strong>unbekannt<\/p>\n\n\n\n<hr class=\"wp-block-separator\"\/>\n\n\n\n<p><strong>Grund der Aufnahme:<\/strong><br>Stina wurde &#8211; gemeinsam mit ihrer Partnerin \u201aP\u00fcnktchen\u2018 &#8211; aus einer kleinen Papageien-Auffangstation, die geschlossen werden musste, in das Fluggehege \u00fcbernommen. Obwohl alle beh\u00f6rdlichen Genehmigungen und das Einverst\u00e4ndnis der Nachbarn f\u00fcr den Betrieb der Auffangstation vorlagen, musste sie schon kurz nach der Inbetriebnahme wieder geschlossen werden, weil die Nachbarn ihr Einverst\u00e4ndnis zur\u00fcckzogen.<\/p>\n","protected":false},"excerpt":{"rendered":"<div class=\"mh-excerpt\"><p>Aufnahmedatum: 12.08.2019Herkunft: Wildfang (Nicaragua 1995)Geschlecht: m\u00e4nnlichGeburtsjahr: unbekannt Grund der Aufnahme:Stina wurde &#8211; gemeinsam mit ihrer Partnerin \u201aP\u00fcnktchen\u2018 &#8211; aus einer kleinen Papageien-Auffangstation, die geschlossen werden musste, in das Fluggehege \u00fcbernommen. Obwohl alle beh\u00f6rdlichen Genehmigungen und <a class=\"mh-excerpt-more\" href=\"https:\/\/papageienschutz.de\/papageien\/amerikanische-papageien\/gelbwangenamzonen\/stina\/\" title=\"Stina\">[&#8230;]<\/a><\/p>\n<\/div>","protected":false},"author":1,"featured_media":0,"parent":34,"menu_order":0,"comment_status":"closed","ping_status":"closed","template":"","meta":{"footnotes":""},"class_list":["post-7936","page","type-page","status-publish"],"_links":{"self":[{"href":"https:\/\/papageienschutz.de\/papageien\/wp-json\/wp\/v2\/pages\/7936","targetHints":{"allow":["GET"]}}],"collection":[{"href":"https:\/\/papageienschutz.de\/papageien\/wp-json\/wp\/v2\/pages"}],"about":[{"href":"https:\/\/papageienschutz.de\/papageien\/wp-json\/wp\/v2\/types\/page"}],"author":[{"embeddable":true,"href":"https:\/\/papageienschutz.de\/papageien\/wp-json\/wp\/v2\/users\/1"}],"replies":[{"embeddable":true,"href":"https:\/\/papageienschutz.de\/papageien\/wp-json\/wp\/v2\/comments?post=7936"}],"version-history":[{"count":5,"href":"https:\/\/papageienschutz.de\/papageien\/wp-json\/wp\/v2\/pages\/7936\/revisions"}],"predecessor-version":[{"id":7951,"href":"https:\/\/papageienschutz.de\/papageien\/wp-json\/wp\/v2\/pages\/7936\/revisions\/7951"}],"up":[{"embeddable":true,"href":"https:\/\/papageienschutz.de\/papageien\/wp-json\/wp\/v2\/pages\/34"}],"wp:attachment":[{"href":"https:\/\/papageienschutz.de\/papageien\/wp-json\/wp\/v2\/media?parent=7936"}],"curies":[{"name":"wp","href":"https:\/\/api.w.org\/{rel}","templated":true}]}}