{"id":7739,"date":"2019-06-24T17:23:27","date_gmt":"2019-06-24T15:23:27","guid":{"rendered":"https:\/\/papageienschutz.de\/papageien\/?page_id=7739"},"modified":"2019-08-07T17:44:39","modified_gmt":"2019-08-07T15:44:39","slug":"arbeitsbereiche","status":"publish","type":"page","link":"https:\/\/papageienschutz.de\/papageien\/arbeitsbereiche\/","title":{"rendered":"Unsere Arbeitsbereiche"},"content":{"rendered":"\n<h2 class=\"wp-block-heading\" style=\"text-align:center\"> Fluggehege f\u00fcr gesch\u00e4digte Papageien <\/h2>\n\n\n\n<div class=\"wp-block-image\"><figure class=\"aligncenter\"><a href=\"https:\/\/papageienschutz.de\/arbeitsbereiche\/fluggehege\/\" target=\"_blank\" rel=\"noreferrer noopener\"><img loading=\"lazy\" decoding=\"async\" width=\"300\" height=\"169\" src=\"https:\/\/papageienschutz.de\/papageien\/wp-content\/uploads\/2019\/06\/Fluggehege.jpg\" alt=\"\" class=\"wp-image-7744\"\/><\/a><\/figure><\/div>\n\n\n\n<h2 class=\"wp-block-heading\" style=\"text-align:center\">\u00d6ffentlichkeitsarbeit<\/h2>\n\n\n\n<div class=\"wp-block-image\"><figure class=\"aligncenter\"><a href=\"https:\/\/papageienschutz.de\/arbeitsbereiche\/oeffentlichkeitsarbeit\/\" target=\"_blank\" rel=\"noreferrer noopener\"><img loading=\"lazy\" decoding=\"async\" width=\"300\" height=\"169\" src=\"https:\/\/papageienschutz.de\/papageien\/wp-content\/uploads\/2019\/06\/\u00d6ffentlichkeit.jpg\" alt=\"\" class=\"wp-image-7746\"\/><\/a><\/figure><\/div>\n\n\n\n<h2 class=\"wp-block-heading\" style=\"text-align:center\">Beratung und Hilfe<\/h2>\n\n\n\n<div class=\"wp-block-image\"><figure class=\"aligncenter\"><a href=\"https:\/\/papageienschutz.de\/arbeitsbereiche\/beratung-und-hilfe\/\" target=\"_blank\" rel=\"noreferrer noopener\"><img loading=\"lazy\" decoding=\"async\" width=\"299\" height=\"168\" src=\"https:\/\/papageienschutz.de\/papageien\/wp-content\/uploads\/2019\/06\/Beratung.jpg\" alt=\"\" class=\"wp-image-7748\"\/><\/a><\/figure><\/div>\n\n\n\n<h2 class=\"wp-block-heading\" style=\"text-align:center\">Papageienschutzf\u00e4lle<\/h2>\n\n\n\n<div class=\"wp-block-image\"><figure class=\"aligncenter\"><a href=\"https:\/\/papageienschutz.de\/arbeitsbereiche\/papageienschutzfaelle\/\" target=\"_blank\" rel=\"noreferrer noopener\"><img loading=\"lazy\" decoding=\"async\" width=\"300\" height=\"169\" src=\"https:\/\/papageienschutz.de\/papageien\/wp-content\/uploads\/2019\/06\/Papageienschutzfaelle.jpg\" alt=\"\" class=\"wp-image-7749\"\/><\/a><\/figure><\/div>\n\n\n\n<h2 class=\"wp-block-heading\" style=\"text-align:center\">Tierschutzbildung<\/h2>\n\n\n\n<div class=\"wp-block-image\"><figure class=\"aligncenter\"><a href=\"https:\/\/papageienschutz.de\/arbeitsbereiche\/tierschutzbildung\/\" target=\"_blank\" rel=\"noreferrer noopener\"><img loading=\"lazy\" decoding=\"async\" width=\"300\" height=\"169\" src=\"https:\/\/papageienschutz.de\/papageien\/wp-content\/uploads\/2019\/06\/tierschutzbildung.jpg\" alt=\"\" class=\"wp-image-7750\"\/><\/a><\/figure><\/div>\n","protected":false},"excerpt":{"rendered":"<div class=\"mh-excerpt\"><p>Fluggehege f\u00fcr gesch\u00e4digte Papageien \u00d6ffentlichkeitsarbeit Beratung und Hilfe Papageienschutzf\u00e4lle Tierschutzbildung<\/p>\n<\/div>","protected":false},"author":1,"featured_media":0,"parent":0,"menu_order":0,"comment_status":"closed","ping_status":"closed","template":"","meta":{"footnotes":""},"class_list":["post-7739","page","type-page","status-publish"],"_links":{"self":[{"href":"https:\/\/papageienschutz.de\/papageien\/wp-json\/wp\/v2\/pages\/7739","targetHints":{"allow":["GET"]}}],"collection":[{"href":"https:\/\/papageienschutz.de\/papageien\/wp-json\/wp\/v2\/pages"}],"about":[{"href":"https:\/\/papageienschutz.de\/papageien\/wp-json\/wp\/v2\/types\/page"}],"author":[{"embeddable":true,"href":"https:\/\/papageienschutz.de\/papageien\/wp-json\/wp\/v2\/users\/1"}],"replies":[{"embeddable":true,"href":"https:\/\/papageienschutz.de\/papageien\/wp-json\/wp\/v2\/comments?post=7739"}],"version-history":[{"count":9,"href":"https:\/\/papageienschutz.de\/papageien\/wp-json\/wp\/v2\/pages\/7739\/revisions"}],"predecessor-version":[{"id":7755,"href":"https:\/\/papageienschutz.de\/papageien\/wp-json\/wp\/v2\/pages\/7739\/revisions\/7755"}],"wp:attachment":[{"href":"https:\/\/papageienschutz.de\/papageien\/wp-json\/wp\/v2\/media?parent=7739"}],"curies":[{"name":"wp","href":"https:\/\/api.w.org\/{rel}","templated":true}]}}