{"id":50,"date":"2012-06-15T21:54:25","date_gmt":"2012-06-15T19:54:25","guid":{"rendered":"http:\/\/papageienschutz.net\/bestand\/?page_id=50"},"modified":"2020-08-10T01:01:17","modified_gmt":"2020-08-09T23:01:17","slug":"leo","status":"publish","type":"page","link":"https:\/\/papageienschutz.de\/papageien\/afrikanische-papageien\/kongo-graupapageien\/leo\/","title":{"rendered":"Leo"},"content":{"rendered":"\n<div class=\"wp-block-image\"><figure class=\"aligncenter size-large\"><img loading=\"lazy\" decoding=\"async\" width=\"1024\" height=\"683\" src=\"https:\/\/papageienschutz.de\/papageien\/wp-content\/uploads\/2019\/06\/D21A0327-1024x683.jpg\" alt=\"\" class=\"wp-image-7766\"\/><\/figure><\/div>\n\n\n\n<p><strong>Aufnahmedatum: <\/strong>21.09.2004<br><strong>Herkunft: <\/strong>Nachzucht, Handaufzucht<br><strong>Geschlecht: <\/strong>m\u00e4nnlich<br><strong>Geburtsjahr: <\/strong>1999<\/p>\n\n\n\n<hr class=\"wp-block-separator\"\/>\n\n\n\n<p><strong>Grund der Aufnahme:<\/strong><br>&#8218;Leo&#8216; wurde in der weltgr\u00f6\u00dften Zuchtanstalt f\u00fcr Graupapageien auf den Philippinen gez\u00fcchtet (Kunstbrut und Handaufzucht) und nach Deutschland importiert. &#8218;Leo&#8216; ist 1999 geschl\u00fcpft und m\u00e4nnlichen Geschlechts. Er kam im September 2004 in das Fluggehege, weil seine Eigent\u00fcmerin heiraten und &#8218;Leo&#8216; nicht behalten wollte. Leo hat immer wieder Anf\u00e4lle von Atemnot, deren Ursache nicht gekl\u00e4rt werden kann. Aus diesem ist eine permanente Beobachtung und rasche Behandlung im akuten Fall bedeutet.<\/p>\n","protected":false},"excerpt":{"rendered":"<div class=\"mh-excerpt\"><p>Aufnahmedatum: 21.09.2004Herkunft: Nachzucht, HandaufzuchtGeschlecht: m\u00e4nnlichGeburtsjahr: 1999 Grund der Aufnahme:&#8218;Leo&#8216; wurde in der weltgr\u00f6\u00dften Zuchtanstalt f\u00fcr Graupapageien auf den Philippinen gez\u00fcchtet (Kunstbrut und Handaufzucht) und nach Deutschland importiert. &#8218;Leo&#8216; ist 1999 geschl\u00fcpft und m\u00e4nnlichen Geschlechts. Er <a class=\"mh-excerpt-more\" href=\"https:\/\/papageienschutz.de\/papageien\/afrikanische-papageien\/kongo-graupapageien\/leo\/\" title=\"Leo\">[&#8230;]<\/a><\/p>\n<\/div>","protected":false},"author":1,"featured_media":0,"parent":8387,"menu_order":3,"comment_status":"closed","ping_status":"closed","template":"","meta":{"footnotes":""},"class_list":["post-50","page","type-page","status-publish"],"_links":{"self":[{"href":"https:\/\/papageienschutz.de\/papageien\/wp-json\/wp\/v2\/pages\/50","targetHints":{"allow":["GET"]}}],"collection":[{"href":"https:\/\/papageienschutz.de\/papageien\/wp-json\/wp\/v2\/pages"}],"about":[{"href":"https:\/\/papageienschutz.de\/papageien\/wp-json\/wp\/v2\/types\/page"}],"author":[{"embeddable":true,"href":"https:\/\/papageienschutz.de\/papageien\/wp-json\/wp\/v2\/users\/1"}],"replies":[{"embeddable":true,"href":"https:\/\/papageienschutz.de\/papageien\/wp-json\/wp\/v2\/comments?post=50"}],"version-history":[{"count":2,"href":"https:\/\/papageienschutz.de\/papageien\/wp-json\/wp\/v2\/pages\/50\/revisions"}],"predecessor-version":[{"id":8066,"href":"https:\/\/papageienschutz.de\/papageien\/wp-json\/wp\/v2\/pages\/50\/revisions\/8066"}],"up":[{"embeddable":true,"href":"https:\/\/papageienschutz.de\/papageien\/wp-json\/wp\/v2\/pages\/8387"}],"wp:attachment":[{"href":"https:\/\/papageienschutz.de\/papageien\/wp-json\/wp\/v2\/media?parent=50"}],"curies":[{"name":"wp","href":"https:\/\/api.w.org\/{rel}","templated":true}]}}