{"id":4510,"date":"2016-06-23T01:05:19","date_gmt":"2016-06-22T23:05:19","guid":{"rendered":"http:\/\/papageienschutz.net\/bestand\/?page_id=4510"},"modified":"2020-07-26T01:54:35","modified_gmt":"2020-07-25T23:54:35","slug":"felix-j","status":"publish","type":"page","link":"https:\/\/papageienschutz.de\/papageien\/afrikanische-papageien\/timneh-graupapageien\/felix-j\/","title":{"rendered":"Felix J"},"content":{"rendered":"\n<div class=\"wp-block-image\"><figure class=\"aligncenter\"><img loading=\"lazy\" decoding=\"async\" width=\"1024\" height=\"683\" src=\"https:\/\/papageienschutz.de\/papageien\/wp-content\/uploads\/2019\/06\/D21A9187-1024x683.jpg\" alt=\"\" class=\"wp-image-7630\" srcset=\"https:\/\/papageienschutz.de\/papageien\/wp-content\/uploads\/2019\/06\/D21A9187-1024x683.jpg 1024w, https:\/\/papageienschutz.de\/papageien\/wp-content\/uploads\/2019\/06\/D21A9187-300x200.jpg 300w, https:\/\/papageienschutz.de\/papageien\/wp-content\/uploads\/2019\/06\/D21A9187-768x512.jpg 768w\" sizes=\"auto, (max-width: 1024px) 100vw, 1024px\" \/><\/figure><\/div>\n\n\n\n<p><strong>Aufnahmedatum: <\/strong>02.02.2016<br><strong>Herkunft: <\/strong>Wildfang (Liberia 1989)<br><strong>Geschlecht: <\/strong>m\u00e4nnlich<br><strong>Geburtsjahr: <\/strong>unbekannt<\/p>\n\n\n\n<hr class=\"wp-block-separator\"\/>\n\n\n\n<p><strong>Grund der Aufnahme:<\/strong><br>&#8218;Felix J&#8216; wurde im Februar 2016 aus einer privaten Einzelhaltung, wo er vorwiegend in einem K\u00e4fig gehalten wurde, in das Fluggehege \u00fcbernommen, weil ihn seine Eigent\u00fcmer aus Alters- und Gesundheitsgr\u00fcnden abgeben mussten. Der DNA-Geschlechtstest ergab, das &#8218;Felix J&#8216; m\u00e4nnlichen Geschlechts ist. &#8218;Felix J&#8216; ist ein Wildfang aus Liberia und wurde 1989 importiert.<\/p>\n","protected":false},"excerpt":{"rendered":"<div class=\"mh-excerpt\"><p>Aufnahmedatum: 02.02.2016Herkunft: Wildfang (Liberia 1989)Geschlecht: m\u00e4nnlichGeburtsjahr: unbekannt Grund der Aufnahme:&#8218;Felix J&#8216; wurde im Februar 2016 aus einer privaten Einzelhaltung, wo er vorwiegend in einem K\u00e4fig gehalten wurde, in das Fluggehege \u00fcbernommen, weil ihn seine Eigent\u00fcmer <a class=\"mh-excerpt-more\" href=\"https:\/\/papageienschutz.de\/papageien\/afrikanische-papageien\/timneh-graupapageien\/felix-j\/\" title=\"Felix J\">[&#8230;]<\/a><\/p>\n<\/div>","protected":false},"author":1,"featured_media":0,"parent":23,"menu_order":0,"comment_status":"closed","ping_status":"closed","template":"","meta":{"footnotes":""},"class_list":["post-4510","page","type-page","status-publish"],"_links":{"self":[{"href":"https:\/\/papageienschutz.de\/papageien\/wp-json\/wp\/v2\/pages\/4510","targetHints":{"allow":["GET"]}}],"collection":[{"href":"https:\/\/papageienschutz.de\/papageien\/wp-json\/wp\/v2\/pages"}],"about":[{"href":"https:\/\/papageienschutz.de\/papageien\/wp-json\/wp\/v2\/types\/page"}],"author":[{"embeddable":true,"href":"https:\/\/papageienschutz.de\/papageien\/wp-json\/wp\/v2\/users\/1"}],"replies":[{"embeddable":true,"href":"https:\/\/papageienschutz.de\/papageien\/wp-json\/wp\/v2\/comments?post=4510"}],"version-history":[{"count":2,"href":"https:\/\/papageienschutz.de\/papageien\/wp-json\/wp\/v2\/pages\/4510\/revisions"}],"predecessor-version":[{"id":8296,"href":"https:\/\/papageienschutz.de\/papageien\/wp-json\/wp\/v2\/pages\/4510\/revisions\/8296"}],"up":[{"embeddable":true,"href":"https:\/\/papageienschutz.de\/papageien\/wp-json\/wp\/v2\/pages\/23"}],"wp:attachment":[{"href":"https:\/\/papageienschutz.de\/papageien\/wp-json\/wp\/v2\/media?parent=4510"}],"curies":[{"name":"wp","href":"https:\/\/api.w.org\/{rel}","templated":true}]}}