{"id":4492,"date":"2016-06-22T23:50:00","date_gmt":"2016-06-22T21:50:00","guid":{"rendered":"http:\/\/papageienschutz.net\/bestand\/?page_id=4492"},"modified":"2020-08-10T01:13:23","modified_gmt":"2020-08-09T23:13:23","slug":"moko","status":"publish","type":"page","link":"https:\/\/papageienschutz.de\/papageien\/afrikanische-papageien\/kongo-graupapageien\/moko\/","title":{"rendered":"Moko"},"content":{"rendered":"\n<div class=\"wp-block-image\"><figure class=\"aligncenter size-large\"><img loading=\"lazy\" decoding=\"async\" width=\"1024\" height=\"683\" src=\"https:\/\/papageienschutz.de\/papageien\/wp-content\/uploads\/2016\/06\/IMG_1462-1024x683.jpg\" alt=\"\" class=\"wp-image-7383\"\/><\/figure><\/div>\n\n\n\n<p><strong>Aufnahmedatum: <\/strong>12.05.2016<br><strong>Herkunft: <\/strong>Nachzucht\/Handaufzucht<br><strong>Geschlecht: <\/strong>m\u00e4nnlich<br><strong>Geburtsjahr: <\/strong>1995<\/p>\n\n\n\n<hr class=\"wp-block-separator\"\/>\n\n\n\n<p><strong>Grund der Aufnahme:<\/strong><br>&#8218;Moko&#8216; wurde im Mai 2016 von einer Papageiensch\u00fctzerin ins das Fluggehege \u00fcbernommen. Sie \u00fcbernahm &#8218;Moko&#8216;, nachdem er jahrelang w\u00e4hrend des Urlaubs seiner Eigent\u00fcmer bei ihr gelebt hatte und seine Eigent\u00fcmer ihn schlie\u00dflich aus Zeitgr\u00fcnden weggeben wollten. &#8218;Moko&#8216; ist eine Handaufzucht und neigt gelegentlich zum Rupfen. &#8218;Moko&#8216; leidet an Aspergillose.<\/p>\n","protected":false},"excerpt":{"rendered":"<div class=\"mh-excerpt\"><p>Aufnahmedatum: 12.05.2016Herkunft: Nachzucht\/HandaufzuchtGeschlecht: m\u00e4nnlichGeburtsjahr: 1995 Grund der Aufnahme:&#8218;Moko&#8216; wurde im Mai 2016 von einer Papageiensch\u00fctzerin ins das Fluggehege \u00fcbernommen. Sie \u00fcbernahm &#8218;Moko&#8216;, nachdem er jahrelang w\u00e4hrend des Urlaubs seiner Eigent\u00fcmer bei ihr gelebt hatte und <a class=\"mh-excerpt-more\" href=\"https:\/\/papageienschutz.de\/papageien\/afrikanische-papageien\/kongo-graupapageien\/moko\/\" title=\"Moko\">[&#8230;]<\/a><\/p>\n<\/div>","protected":false},"author":1,"featured_media":0,"parent":8387,"menu_order":1,"comment_status":"closed","ping_status":"closed","template":"","meta":{"footnotes":""},"class_list":["post-4492","page","type-page","status-publish"],"_links":{"self":[{"href":"https:\/\/papageienschutz.de\/papageien\/wp-json\/wp\/v2\/pages\/4492","targetHints":{"allow":["GET"]}}],"collection":[{"href":"https:\/\/papageienschutz.de\/papageien\/wp-json\/wp\/v2\/pages"}],"about":[{"href":"https:\/\/papageienschutz.de\/papageien\/wp-json\/wp\/v2\/types\/page"}],"author":[{"embeddable":true,"href":"https:\/\/papageienschutz.de\/papageien\/wp-json\/wp\/v2\/users\/1"}],"replies":[{"embeddable":true,"href":"https:\/\/papageienschutz.de\/papageien\/wp-json\/wp\/v2\/comments?post=4492"}],"version-history":[{"count":2,"href":"https:\/\/papageienschutz.de\/papageien\/wp-json\/wp\/v2\/pages\/4492\/revisions"}],"predecessor-version":[{"id":8065,"href":"https:\/\/papageienschutz.de\/papageien\/wp-json\/wp\/v2\/pages\/4492\/revisions\/8065"}],"up":[{"embeddable":true,"href":"https:\/\/papageienschutz.de\/papageien\/wp-json\/wp\/v2\/pages\/8387"}],"wp:attachment":[{"href":"https:\/\/papageienschutz.de\/papageien\/wp-json\/wp\/v2\/media?parent=4492"}],"curies":[{"name":"wp","href":"https:\/\/api.w.org\/{rel}","templated":true}]}}