{"id":402,"date":"2011-04-07T07:39:44","date_gmt":"2011-04-07T05:39:44","guid":{"rendered":"http:\/\/papageienschutz.net\/bestand\/?page_id=402"},"modified":"2020-02-04T22:27:40","modified_gmt":"2020-02-04T21:27:40","slug":"happy","status":"publish","type":"page","link":"https:\/\/papageienschutz.de\/papageien\/amerikanische-papageien\/blaustirnamazonen\/happy\/","title":{"rendered":"Happy"},"content":{"rendered":"\n<div class=\"wp-block-image\"><figure class=\"aligncenter size-large\"><img loading=\"lazy\" decoding=\"async\" width=\"1024\" height=\"682\" src=\"https:\/\/papageienschutz.de\/papageien\/wp-content\/uploads\/2018\/04\/IMG_5503-e1524252779648-1024x682.jpg\" alt=\"\" class=\"wp-image-6406\" srcset=\"https:\/\/papageienschutz.de\/papageien\/wp-content\/uploads\/2018\/04\/IMG_5503-e1524252779648-1024x682.jpg 1024w, https:\/\/papageienschutz.de\/papageien\/wp-content\/uploads\/2018\/04\/IMG_5503-e1524252779648-300x200.jpg 300w, https:\/\/papageienschutz.de\/papageien\/wp-content\/uploads\/2018\/04\/IMG_5503-e1524252779648-768x512.jpg 768w, https:\/\/papageienschutz.de\/papageien\/wp-content\/uploads\/2018\/04\/IMG_5503-e1524252779648.jpg 1280w\" sizes=\"auto, (max-width: 1024px) 100vw, 1024px\" \/><\/figure><\/div>\n\n\n\n<p><strong>Aufnahmedatum: <\/strong>07.04.2011<br><strong>Herkunft: <\/strong>Nachzucht<br><strong>Geschlecht: <\/strong>m\u00e4nnlich<br><strong>Geburtsjahr: <\/strong>1990<\/p>\n\n\n\n<hr class=\"wp-block-separator\"\/>\n\n\n\n<p><strong>Grund der Aufnahme:<\/strong><br>Happy wurde im April 2011 aus einer privaten Einzelhaltung in das Fluggehege \u00fcbernommen. Happy ist m\u00e4nnlichen Geschlechts und eine deutsche Nachzucht aus dem Jahre 1990. Die tiermedizinische Eingangsuntersuchung ergab, dass Happy an verschiedenen gesundheitlichen Sch\u00e4digungen leidet: Seine Wirbels\u00e4ule ist verformt, verursacht durch Rachitis. Au\u00dferdem hat er ein sogenanntes Unterhautemphysem, verursacht durch mehrere Risse im Brustluftsack. Durch diese Risse sammelt sich die eingeatmete Luft im Bereich der Brust direkt unter der Haut. Hierdurch bl\u00e4ht sich die Brust wie ein Ballon auf. Aus diesem Grund muss Happys Haut im Brustbereich regelm\u00e4\u00dfig punktiert und die angesammelte Luft vorsichtig ausmassiert werden. Des weiteren leidet Happy an starker Aspergillose, so dass eine lebenslange medikament\u00f6se Behandlung erforderlich ist. Happys zeigt bei Aufnahme ist das Fluggehege keine Ans\u00e4tze zum Fliegen.<\/p>\n","protected":false},"excerpt":{"rendered":"<div class=\"mh-excerpt\"><p>Aufnahmedatum: 07.04.2011Herkunft: NachzuchtGeschlecht: m\u00e4nnlichGeburtsjahr: 1990 Grund der Aufnahme:Happy wurde im April 2011 aus einer privaten Einzelhaltung in das Fluggehege \u00fcbernommen. Happy ist m\u00e4nnlichen Geschlechts und eine deutsche Nachzucht aus dem Jahre 1990. Die tiermedizinische Eingangsuntersuchung <a class=\"mh-excerpt-more\" href=\"https:\/\/papageienschutz.de\/papageien\/amerikanische-papageien\/blaustirnamazonen\/happy\/\" title=\"Happy\">[&#8230;]<\/a><\/p>\n<\/div>","protected":false},"author":1,"featured_media":0,"parent":40,"menu_order":0,"comment_status":"closed","ping_status":"closed","template":"","meta":{"footnotes":""},"class_list":["post-402","page","type-page","status-publish"],"_links":{"self":[{"href":"https:\/\/papageienschutz.de\/papageien\/wp-json\/wp\/v2\/pages\/402","targetHints":{"allow":["GET"]}}],"collection":[{"href":"https:\/\/papageienschutz.de\/papageien\/wp-json\/wp\/v2\/pages"}],"about":[{"href":"https:\/\/papageienschutz.de\/papageien\/wp-json\/wp\/v2\/types\/page"}],"author":[{"embeddable":true,"href":"https:\/\/papageienschutz.de\/papageien\/wp-json\/wp\/v2\/users\/1"}],"replies":[{"embeddable":true,"href":"https:\/\/papageienschutz.de\/papageien\/wp-json\/wp\/v2\/comments?post=402"}],"version-history":[{"count":2,"href":"https:\/\/papageienschutz.de\/papageien\/wp-json\/wp\/v2\/pages\/402\/revisions"}],"predecessor-version":[{"id":8093,"href":"https:\/\/papageienschutz.de\/papageien\/wp-json\/wp\/v2\/pages\/402\/revisions\/8093"}],"up":[{"embeddable":true,"href":"https:\/\/papageienschutz.de\/papageien\/wp-json\/wp\/v2\/pages\/40"}],"wp:attachment":[{"href":"https:\/\/papageienschutz.de\/papageien\/wp-json\/wp\/v2\/media?parent=402"}],"curies":[{"name":"wp","href":"https:\/\/api.w.org\/{rel}","templated":true}]}}