{"id":393,"date":"2008-08-16T07:32:49","date_gmt":"2008-08-16T05:32:49","guid":{"rendered":"http:\/\/papageienschutz.net\/bestand\/?page_id=393"},"modified":"2020-02-04T22:29:12","modified_gmt":"2020-02-04T21:29:12","slug":"kora","status":"publish","type":"page","link":"https:\/\/papageienschutz.de\/papageien\/amerikanische-papageien\/blaustirnamazonen\/kora\/","title":{"rendered":"Kora"},"content":{"rendered":"\n<div class=\"wp-block-image\"><figure class=\"aligncenter size-large\"><img loading=\"lazy\" decoding=\"async\" width=\"1024\" height=\"683\" src=\"https:\/\/papageienschutz.de\/papageien\/wp-content\/uploads\/2015\/02\/IMG_1958-1024x683.jpg\" alt=\"\" class=\"wp-image-7142\"\/><\/figure><\/div>\n\n\n\n<p><strong>Aufnahmedatum:<\/strong> 16.08.2008<br><strong>Herkunft: <\/strong>unbekannt<br><strong>Geschlecht: <\/strong>m\u00e4nnlich<br><strong>Geburtsjahr: <\/strong>unbekannt<\/p>\n\n\n\n<hr class=\"wp-block-separator\"\/>\n\n\n\n<p><strong>Grund der Aufnahme:<\/strong><br>Kora wurde im August 2008 aus einer privaten Einzelhaltung in das Fluggehege \u00fcbernommen, weil er aufgrund der Einzelhaltung von der zust\u00e4ndigen Veterin\u00e4rbeh\u00f6rde beschlagnahmt werden sollte. Der DNA-Geschlechtstest ergab, dass Kora m\u00e4nnlichen Geschlechts ist.<br>Die tiermedizinische Eingangsuntersuchung ergab, dass Kora an leichter Aspergillose leidet. Aus nicht bekannten Gr\u00fcnden fliegt Kora nicht.<\/p>\n","protected":false},"excerpt":{"rendered":"<div class=\"mh-excerpt\"><p>Aufnahmedatum: 16.08.2008Herkunft: unbekanntGeschlecht: m\u00e4nnlichGeburtsjahr: unbekannt Grund der Aufnahme:Kora wurde im August 2008 aus einer privaten Einzelhaltung in das Fluggehege \u00fcbernommen, weil er aufgrund der Einzelhaltung von der zust\u00e4ndigen Veterin\u00e4rbeh\u00f6rde beschlagnahmt werden sollte. Der DNA-Geschlechtstest ergab, <a class=\"mh-excerpt-more\" href=\"https:\/\/papageienschutz.de\/papageien\/amerikanische-papageien\/blaustirnamazonen\/kora\/\" title=\"Kora\">[&#8230;]<\/a><\/p>\n<\/div>","protected":false},"author":1,"featured_media":0,"parent":40,"menu_order":0,"comment_status":"closed","ping_status":"closed","template":"","meta":{"footnotes":""},"class_list":["post-393","page","type-page","status-publish"],"_links":{"self":[{"href":"https:\/\/papageienschutz.de\/papageien\/wp-json\/wp\/v2\/pages\/393","targetHints":{"allow":["GET"]}}],"collection":[{"href":"https:\/\/papageienschutz.de\/papageien\/wp-json\/wp\/v2\/pages"}],"about":[{"href":"https:\/\/papageienschutz.de\/papageien\/wp-json\/wp\/v2\/types\/page"}],"author":[{"embeddable":true,"href":"https:\/\/papageienschutz.de\/papageien\/wp-json\/wp\/v2\/users\/1"}],"replies":[{"embeddable":true,"href":"https:\/\/papageienschutz.de\/papageien\/wp-json\/wp\/v2\/comments?post=393"}],"version-history":[{"count":3,"href":"https:\/\/papageienschutz.de\/papageien\/wp-json\/wp\/v2\/pages\/393\/revisions"}],"predecessor-version":[{"id":8095,"href":"https:\/\/papageienschutz.de\/papageien\/wp-json\/wp\/v2\/pages\/393\/revisions\/8095"}],"up":[{"embeddable":true,"href":"https:\/\/papageienschutz.de\/papageien\/wp-json\/wp\/v2\/pages\/40"}],"wp:attachment":[{"href":"https:\/\/papageienschutz.de\/papageien\/wp-json\/wp\/v2\/media?parent=393"}],"curies":[{"name":"wp","href":"https:\/\/api.w.org\/{rel}","templated":true}]}}