{"id":329,"date":"2005-07-30T14:01:24","date_gmt":"2005-07-30T12:01:24","guid":{"rendered":"http:\/\/papageienschutz.net\/bestand\/?page_id=329"},"modified":"2020-02-04T21:34:28","modified_gmt":"2020-02-04T20:34:28","slug":"amy","status":"publish","type":"page","link":"https:\/\/papageienschutz.de\/papageien\/amerikanische-papageien\/blaustirnamazonen\/amy\/","title":{"rendered":"Amy"},"content":{"rendered":"\n<div class=\"wp-block-image\"><figure class=\"aligncenter size-large\"><img loading=\"lazy\" decoding=\"async\" width=\"1024\" height=\"683\" src=\"https:\/\/papageienschutz.de\/papageien\/wp-content\/uploads\/2019\/07\/D21A0532-1024x683.jpg\" alt=\"\" class=\"wp-image-7819\"\/><\/figure><\/div>\n\n\n\n<p><strong>Aufnahmedatum: <\/strong>30.07.2005<br><strong>Herkunft: <\/strong>Nachzucht<br><strong>Geschlecht: <\/strong>weiblich<br><strong>Geburtsjahr: <\/strong>2002<\/p>\n\n\n\n<hr class=\"wp-block-separator\"\/>\n\n\n\n<p><strong>Grund der Aufnahme:<\/strong><br>Amy, weiblichen Geschlechts, wurde (zusammen mit ihrem Bruder, Einstein) im Juli 2005 aus einer privaten Haltung in das Fluggehege \u00fcbernommen. Amy (wie auch ihr Bruder) sind einheimische Nachzuchten, geschl\u00fcpft sind sie im Jahr 2002.&nbsp; Die Eigent\u00fcmerin hatte Amy und Einstein von einem Z\u00fcchter gekauft, konnte sie jedoch aus finanziellen Gr\u00fcnden und aufgrund von Streitigkeiten mit Nachbarn, verursacht durch die lauten Schreie von Amy und Einstein, nicht l\u00e4nger halten.<\/p>\n","protected":false},"excerpt":{"rendered":"<div class=\"mh-excerpt\"><p>Aufnahmedatum: 30.07.2005Herkunft: NachzuchtGeschlecht: weiblichGeburtsjahr: 2002 Grund der Aufnahme:Amy, weiblichen Geschlechts, wurde (zusammen mit ihrem Bruder, Einstein) im Juli 2005 aus einer privaten Haltung in das Fluggehege \u00fcbernommen. Amy (wie auch ihr Bruder) sind einheimische Nachzuchten, <a class=\"mh-excerpt-more\" href=\"https:\/\/papageienschutz.de\/papageien\/amerikanische-papageien\/blaustirnamazonen\/amy\/\" title=\"Amy\">[&#8230;]<\/a><\/p>\n<\/div>","protected":false},"author":1,"featured_media":0,"parent":40,"menu_order":0,"comment_status":"closed","ping_status":"closed","template":"","meta":{"footnotes":""},"class_list":["post-329","page","type-page","status-publish"],"_links":{"self":[{"href":"https:\/\/papageienschutz.de\/papageien\/wp-json\/wp\/v2\/pages\/329","targetHints":{"allow":["GET"]}}],"collection":[{"href":"https:\/\/papageienschutz.de\/papageien\/wp-json\/wp\/v2\/pages"}],"about":[{"href":"https:\/\/papageienschutz.de\/papageien\/wp-json\/wp\/v2\/types\/page"}],"author":[{"embeddable":true,"href":"https:\/\/papageienschutz.de\/papageien\/wp-json\/wp\/v2\/users\/1"}],"replies":[{"embeddable":true,"href":"https:\/\/papageienschutz.de\/papageien\/wp-json\/wp\/v2\/comments?post=329"}],"version-history":[{"count":2,"href":"https:\/\/papageienschutz.de\/papageien\/wp-json\/wp\/v2\/pages\/329\/revisions"}],"predecessor-version":[{"id":8057,"href":"https:\/\/papageienschutz.de\/papageien\/wp-json\/wp\/v2\/pages\/329\/revisions\/8057"}],"up":[{"embeddable":true,"href":"https:\/\/papageienschutz.de\/papageien\/wp-json\/wp\/v2\/pages\/40"}],"wp:attachment":[{"href":"https:\/\/papageienschutz.de\/papageien\/wp-json\/wp\/v2\/media?parent=329"}],"curies":[{"name":"wp","href":"https:\/\/api.w.org\/{rel}","templated":true}]}}