{"id":325,"date":"2004-05-08T13:57:48","date_gmt":"2004-05-08T11:57:48","guid":{"rendered":"http:\/\/papageienschutz.net\/bestand\/?page_id=325"},"modified":"2020-02-04T22:29:51","modified_gmt":"2020-02-04T21:29:51","slug":"lora","status":"publish","type":"page","link":"https:\/\/papageienschutz.de\/papageien\/amerikanische-papageien\/blaustirnamazonen\/lora\/","title":{"rendered":"Lora"},"content":{"rendered":"\n<div class=\"wp-block-image\"><figure class=\"aligncenter size-large\"><img loading=\"lazy\" decoding=\"async\" width=\"1024\" height=\"683\" src=\"https:\/\/papageienschutz.de\/papageien\/wp-content\/uploads\/2019\/06\/IMG_2524-1024x683.jpg\" alt=\"\" class=\"wp-image-7230\"\/><\/figure><\/div>\n\n\n\n<p><strong>Aufnahmedatum: <\/strong>08.05.2004<br><strong>Herkunft: <\/strong>unbekannt<br><strong>Geschlecht: <\/strong>weiblich<br><strong>Geburtsjahr: <\/strong>unbekannt<\/p>\n\n\n\n<hr class=\"wp-block-separator\"\/>\n\n\n\n<p><strong>Grund der Aufnahme:<\/strong><br>Lora, weiblichen Geschlechts, wurde aus einer privaten Einzelhaltung, wo sie in einer Zimmervoliere gehalten wurde, im Mai 2004 in das Fluggehege \u00fcbernommen. Der Eigent\u00fcmer konnte den Papagei aus Alters- und Krankheitsgr\u00fcnden nicht mehr versorgen. Die tiermedizinische Eingangsuntersuchung ergab, dass Lora an Durchblutungst\u00f6rungen in den F\u00fc\u00dfen leidet, wodurch sie schon Zehenglieder verloren hat. Lora muss bis an sein Lebensende medikament\u00f6s behandelt werden.<\/p>\n","protected":false},"excerpt":{"rendered":"<div class=\"mh-excerpt\"><p>Aufnahmedatum: 08.05.2004Herkunft: unbekanntGeschlecht: weiblichGeburtsjahr: unbekannt Grund der Aufnahme:Lora, weiblichen Geschlechts, wurde aus einer privaten Einzelhaltung, wo sie in einer Zimmervoliere gehalten wurde, im Mai 2004 in das Fluggehege \u00fcbernommen. Der Eigent\u00fcmer konnte den Papagei aus <a class=\"mh-excerpt-more\" href=\"https:\/\/papageienschutz.de\/papageien\/amerikanische-papageien\/blaustirnamazonen\/lora\/\" title=\"Lora\">[&#8230;]<\/a><\/p>\n<\/div>","protected":false},"author":1,"featured_media":0,"parent":40,"menu_order":0,"comment_status":"closed","ping_status":"closed","template":"","meta":{"footnotes":""},"class_list":["post-325","page","type-page","status-publish"],"_links":{"self":[{"href":"https:\/\/papageienschutz.de\/papageien\/wp-json\/wp\/v2\/pages\/325","targetHints":{"allow":["GET"]}}],"collection":[{"href":"https:\/\/papageienschutz.de\/papageien\/wp-json\/wp\/v2\/pages"}],"about":[{"href":"https:\/\/papageienschutz.de\/papageien\/wp-json\/wp\/v2\/types\/page"}],"author":[{"embeddable":true,"href":"https:\/\/papageienschutz.de\/papageien\/wp-json\/wp\/v2\/users\/1"}],"replies":[{"embeddable":true,"href":"https:\/\/papageienschutz.de\/papageien\/wp-json\/wp\/v2\/comments?post=325"}],"version-history":[{"count":2,"href":"https:\/\/papageienschutz.de\/papageien\/wp-json\/wp\/v2\/pages\/325\/revisions"}],"predecessor-version":[{"id":8096,"href":"https:\/\/papageienschutz.de\/papageien\/wp-json\/wp\/v2\/pages\/325\/revisions\/8096"}],"up":[{"embeddable":true,"href":"https:\/\/papageienschutz.de\/papageien\/wp-json\/wp\/v2\/pages\/40"}],"wp:attachment":[{"href":"https:\/\/papageienschutz.de\/papageien\/wp-json\/wp\/v2\/media?parent=325"}],"curies":[{"name":"wp","href":"https:\/\/api.w.org\/{rel}","templated":true}]}}