{"id":270,"date":"2012-06-27T08:11:45","date_gmt":"2012-06-27T06:11:45","guid":{"rendered":"http:\/\/papageienschutz.net\/bestand\/?page_id=270"},"modified":"2020-02-04T22:36:16","modified_gmt":"2020-02-04T21:36:16","slug":"nala","status":"publish","type":"page","link":"https:\/\/papageienschutz.de\/papageien\/amerikanische-papageien\/venezuelaamazonen\/nala\/","title":{"rendered":"Nala"},"content":{"rendered":"\n<div class=\"wp-block-image\"><figure class=\"aligncenter size-large\"><img loading=\"lazy\" decoding=\"async\" width=\"1024\" height=\"682\" src=\"https:\/\/papageienschutz.de\/papageien\/wp-content\/uploads\/2018\/04\/IMG_5649-e1524681187460-1024x682.jpg\" alt=\"\" class=\"wp-image-6456\" srcset=\"https:\/\/papageienschutz.de\/papageien\/wp-content\/uploads\/2018\/04\/IMG_5649-e1524681187460-1024x682.jpg 1024w, https:\/\/papageienschutz.de\/papageien\/wp-content\/uploads\/2018\/04\/IMG_5649-e1524681187460-300x200.jpg 300w, https:\/\/papageienschutz.de\/papageien\/wp-content\/uploads\/2018\/04\/IMG_5649-e1524681187460-768x512.jpg 768w, https:\/\/papageienschutz.de\/papageien\/wp-content\/uploads\/2018\/04\/IMG_5649-e1524681187460.jpg 1280w\" sizes=\"auto, (max-width: 1024px) 100vw, 1024px\" \/><\/figure><\/div>\n\n\n\n<p><br><strong>Aufnahmedatum: <\/strong>28.05.2007<br><strong>Herkunft: <\/strong>unbekannt<br><strong>Geschlecht: <\/strong>m\u00e4nnlich<br><strong>Geburtsjahr: <\/strong>unbekannt<\/p>\n\n\n\n<hr class=\"wp-block-separator\"\/>\n\n\n\n<p><strong>Grund der Aufnahme:<\/strong><br>Nala wurde im Mai 2007 aus einer privaten Einzelhaltung, wo er h\u00e4ufig im K\u00e4fig gehalten wurde, in das Fluggehege \u00fcbernommen. Der DNA-Geschlechtstest ergab, dass Nala m\u00e4nnlichen Geschlechts ist.<\/p>\n","protected":false},"excerpt":{"rendered":"<div class=\"mh-excerpt\"><p>Aufnahmedatum: 28.05.2007Herkunft: unbekanntGeschlecht: m\u00e4nnlichGeburtsjahr: unbekannt Grund der Aufnahme:Nala wurde im Mai 2007 aus einer privaten Einzelhaltung, wo er h\u00e4ufig im K\u00e4fig gehalten wurde, in das Fluggehege \u00fcbernommen. Der DNA-Geschlechtstest ergab, dass Nala m\u00e4nnlichen Geschlechts ist.<\/p>\n<\/div>","protected":false},"author":1,"featured_media":0,"parent":38,"menu_order":0,"comment_status":"closed","ping_status":"closed","template":"","meta":{"footnotes":""},"class_list":["post-270","page","type-page","status-publish"],"_links":{"self":[{"href":"https:\/\/papageienschutz.de\/papageien\/wp-json\/wp\/v2\/pages\/270","targetHints":{"allow":["GET"]}}],"collection":[{"href":"https:\/\/papageienschutz.de\/papageien\/wp-json\/wp\/v2\/pages"}],"about":[{"href":"https:\/\/papageienschutz.de\/papageien\/wp-json\/wp\/v2\/types\/page"}],"author":[{"embeddable":true,"href":"https:\/\/papageienschutz.de\/papageien\/wp-json\/wp\/v2\/users\/1"}],"replies":[{"embeddable":true,"href":"https:\/\/papageienschutz.de\/papageien\/wp-json\/wp\/v2\/comments?post=270"}],"version-history":[{"count":2,"href":"https:\/\/papageienschutz.de\/papageien\/wp-json\/wp\/v2\/pages\/270\/revisions"}],"predecessor-version":[{"id":8102,"href":"https:\/\/papageienschutz.de\/papageien\/wp-json\/wp\/v2\/pages\/270\/revisions\/8102"}],"up":[{"embeddable":true,"href":"https:\/\/papageienschutz.de\/papageien\/wp-json\/wp\/v2\/pages\/38"}],"wp:attachment":[{"href":"https:\/\/papageienschutz.de\/papageien\/wp-json\/wp\/v2\/media?parent=270"}],"curies":[{"name":"wp","href":"https:\/\/api.w.org\/{rel}","templated":true}]}}