{"id":1596,"date":"2014-10-09T18:18:41","date_gmt":"2014-10-09T16:18:41","guid":{"rendered":"http:\/\/papageienschutz.net\/bestand\/?page_id=1596"},"modified":"2020-08-10T01:13:05","modified_gmt":"2020-08-09T23:13:05","slug":"kuba","status":"publish","type":"page","link":"https:\/\/papageienschutz.de\/papageien\/afrikanische-papageien\/kongo-graupapageien\/kuba\/","title":{"rendered":"Kuba"},"content":{"rendered":"\n<div class=\"wp-block-image\"><figure class=\"aligncenter size-large\"><img loading=\"lazy\" decoding=\"async\" width=\"1024\" height=\"683\" src=\"https:\/\/papageienschutz.de\/papageien\/wp-content\/uploads\/2020\/02\/D21A0334-1024x683.jpg\" alt=\"\" class=\"wp-image-8048\"\/><\/figure><\/div>\n\n\n\n<p><strong>Aufnahmedatum: <\/strong>19.03.2014<br><strong>Herkunft: <\/strong>Wildfang (Zaire 1993)<br><strong>Geschlecht: <\/strong>m\u00e4nnlich<br><strong>Geburtsjahr: <\/strong>unbekannt<\/p>\n\n\n\n<hr class=\"wp-block-separator\"\/>\n\n\n\n<p><strong>Grund der Aufnahme:<\/strong><br>Kuba wurde im Fr\u00fchjahr 2014 aus einer privaten Einzelhaltung in das Fluggehege \u00fcbergenommen, weil der Eigent\u00fcmer, der Kuba von einer alten Dame \u00fcbernommen hatte, nicht mehr bereit war, sich weiterhin um Kuba zu k\u00fcmmern. Die tier\u00e4rztliche Eingangsuntersuchung ergab, dass Kuba an leichter Aspergillose leidet. Der DNA-Geschlechtstest ergab, dass Kuba m\u00e4nnlichen Geschlechts ist.<\/p>\n","protected":false},"excerpt":{"rendered":"<div class=\"mh-excerpt\"><p>Aufnahmedatum: 19.03.2014Herkunft: Wildfang (Zaire 1993)Geschlecht: m\u00e4nnlichGeburtsjahr: unbekannt Grund der Aufnahme:Kuba wurde im Fr\u00fchjahr 2014 aus einer privaten Einzelhaltung in das Fluggehege \u00fcbergenommen, weil der Eigent\u00fcmer, der Kuba von einer alten Dame \u00fcbernommen hatte, nicht mehr <a class=\"mh-excerpt-more\" href=\"https:\/\/papageienschutz.de\/papageien\/afrikanische-papageien\/kongo-graupapageien\/kuba\/\" title=\"Kuba\">[&#8230;]<\/a><\/p>\n<\/div>","protected":false},"author":1,"featured_media":0,"parent":8387,"menu_order":1,"comment_status":"closed","ping_status":"closed","template":"","meta":{"footnotes":""},"class_list":["post-1596","page","type-page","status-publish"],"_links":{"self":[{"href":"https:\/\/papageienschutz.de\/papageien\/wp-json\/wp\/v2\/pages\/1596","targetHints":{"allow":["GET"]}}],"collection":[{"href":"https:\/\/papageienschutz.de\/papageien\/wp-json\/wp\/v2\/pages"}],"about":[{"href":"https:\/\/papageienschutz.de\/papageien\/wp-json\/wp\/v2\/types\/page"}],"author":[{"embeddable":true,"href":"https:\/\/papageienschutz.de\/papageien\/wp-json\/wp\/v2\/users\/1"}],"replies":[{"embeddable":true,"href":"https:\/\/papageienschutz.de\/papageien\/wp-json\/wp\/v2\/comments?post=1596"}],"version-history":[{"count":2,"href":"https:\/\/papageienschutz.de\/papageien\/wp-json\/wp\/v2\/pages\/1596\/revisions"}],"predecessor-version":[{"id":8049,"href":"https:\/\/papageienschutz.de\/papageien\/wp-json\/wp\/v2\/pages\/1596\/revisions\/8049"}],"up":[{"embeddable":true,"href":"https:\/\/papageienschutz.de\/papageien\/wp-json\/wp\/v2\/pages\/8387"}],"wp:attachment":[{"href":"https:\/\/papageienschutz.de\/papageien\/wp-json\/wp\/v2\/media?parent=1596"}],"curies":[{"name":"wp","href":"https:\/\/api.w.org\/{rel}","templated":true}]}}