{"id":1165,"date":"2013-08-27T23:44:06","date_gmt":"2013-08-27T21:44:06","guid":{"rendered":"http:\/\/papageienschutz.net\/bestand\/?page_id=1165"},"modified":"2020-07-26T01:36:35","modified_gmt":"2020-07-25T23:36:35","slug":"mara","status":"publish","type":"page","link":"https:\/\/papageienschutz.de\/papageien\/amerikanische-papageien\/gelbwangenamzonen\/mara\/","title":{"rendered":"Mara"},"content":{"rendered":"\n<div class=\"wp-block-image\"><figure class=\"aligncenter\"><img loading=\"lazy\" decoding=\"async\" width=\"1024\" height=\"683\" src=\"https:\/\/papageienschutz.de\/papageien\/wp-content\/uploads\/2019\/06\/D21A0193-1024x683.jpg\" alt=\"\" class=\"wp-image-7424\"\/><\/figure><\/div>\n\n\n\n<p><strong>Aufnahmedatum: <\/strong>20.08.2012<br>\n<strong>Herkunft:<\/strong> unbekannt<br>\n<strong>Geschlecht: <\/strong>weiblich<br>\n<strong>Geburtsjahr: <\/strong>unbekannt<\/p>\n\n\n\n<hr class=\"wp-block-separator\"\/>\n\n\n\n<p><strong>Grund der Aufnahme:<\/strong><br>\nMara wurde im August 2012 aus einer privaten Papageienauffangstation in das Fluggehege \u00fcbernommen. Der DNA-Geschlechtstest ergab, dass Mara weiblichen Geschlechts ist. Die tiermedizinische Eingangsuntersuchung ergab, dass Mara &#8211; aufgrund einer alten Fraktur im rechten Unterschenkel &#8211; das Strecken des rechten Beines Schwierigkeiten bereitet und m\u00f6glicherweise nicht schmerzfrei ist. Au\u00dferdem hat Mara einen Luftsackriss, so dass sich unter dem linken Fl\u00fcgel immer wieder eine kleine Luftblase unter der Haut bildet, die regelm\u00e4\u00dfig punktiert werden muss.<\/p>\n","protected":false},"excerpt":{"rendered":"<div class=\"mh-excerpt\"><p>Aufnahmedatum: 20.08.2012 Herkunft: unbekannt Geschlecht: weiblich Geburtsjahr: unbekannt Grund der Aufnahme: Mara wurde im August 2012 aus einer privaten Papageienauffangstation in das Fluggehege \u00fcbernommen. Der DNA-Geschlechtstest ergab, dass Mara weiblichen Geschlechts ist. Die tiermedizinische Eingangsuntersuchung <a class=\"mh-excerpt-more\" href=\"https:\/\/papageienschutz.de\/papageien\/amerikanische-papageien\/gelbwangenamzonen\/mara\/\" title=\"Mara\">[&#8230;]<\/a><\/p>\n<\/div>","protected":false},"author":1,"featured_media":0,"parent":34,"menu_order":0,"comment_status":"closed","ping_status":"closed","template":"","meta":{"footnotes":""},"class_list":["post-1165","page","type-page","status-publish"],"_links":{"self":[{"href":"https:\/\/papageienschutz.de\/papageien\/wp-json\/wp\/v2\/pages\/1165","targetHints":{"allow":["GET"]}}],"collection":[{"href":"https:\/\/papageienschutz.de\/papageien\/wp-json\/wp\/v2\/pages"}],"about":[{"href":"https:\/\/papageienschutz.de\/papageien\/wp-json\/wp\/v2\/types\/page"}],"author":[{"embeddable":true,"href":"https:\/\/papageienschutz.de\/papageien\/wp-json\/wp\/v2\/users\/1"}],"replies":[{"embeddable":true,"href":"https:\/\/papageienschutz.de\/papageien\/wp-json\/wp\/v2\/comments?post=1165"}],"version-history":[{"count":3,"href":"https:\/\/papageienschutz.de\/papageien\/wp-json\/wp\/v2\/pages\/1165\/revisions"}],"predecessor-version":[{"id":8293,"href":"https:\/\/papageienschutz.de\/papageien\/wp-json\/wp\/v2\/pages\/1165\/revisions\/8293"}],"up":[{"embeddable":true,"href":"https:\/\/papageienschutz.de\/papageien\/wp-json\/wp\/v2\/pages\/34"}],"wp:attachment":[{"href":"https:\/\/papageienschutz.de\/papageien\/wp-json\/wp\/v2\/media?parent=1165"}],"curies":[{"name":"wp","href":"https:\/\/api.w.org\/{rel}","templated":true}]}}